{"id":141,"date":"2017-07-04T12:47:45","date_gmt":"2017-07-04T12:47:45","guid":{"rendered":"http:\/\/gprtops.ch\/de\/?page_id=141"},"modified":"2026-05-04T11:58:58","modified_gmt":"2026-05-04T11:58:58","slug":"kontakt","status":"publish","type":"page","link":"https:\/\/gprtops.ch\/de\/kontakt\/","title":{"rendered":"Kontakt"},"content":{"rendered":"<p>[et_pb_section fb_built=&#8220;1&#8243; disabled_on=&#8220;on||&#8220; admin_label=&#8220;Sektion&#8220; _builder_version=&#8220;4.27.5&#8243; custom_margin=&#8220;0px||0px||false|false&#8220; custom_padding=&#8220;0px||25px||false|false&#8220; link_option_url=&#8220;http:\/\/gprtops.ch\/de\/&#8220; global_module=&#8220;82&#8243; global_colors_info=&#8220;{}&#8220;][et_pb_row column_structure=&#8220;1_4,1_2,1_4&#8243; disabled_on=&#8220;on||&#8220; admin_label=&#8220;Zeile&#8220; _builder_version=&#8220;4.25.1&#8243; custom_margin=&#8220;0px||0px|&#8220; custom_padding=&#8220;0px||0px|&#8220; global_colors_info=&#8220;{}&#8220;][et_pb_column type=&#8220;1_4&#8243; _builder_version=&#8220;4.16&#8243; background_position=&#8220;top_left&#8220; custom_padding=&#8220;0px||0px|&#8220; global_colors_info=&#8220;{}&#8220; custom_padding__hover=&#8220;|||&#8220;][et_pb_image src=&#8220;\/de\/wp-content\/uploads\/2017\/07\/gprtops.png&#8220; alt=&#8220;GPRTOPS&#8220; align_tablet=&#8220;center&#8220; align_phone=&#8220;&#8220; align_last_edited=&#8220;on|desktop&#8220; disabled_on=&#8220;on||&#8220; admin_label=&#8220;Logo GPRTOPS&#8220; _builder_version=&#8220;4.16&#8243; width=&#8220;90%&#8220; custom_margin=&#8220;5px|0px|0px|0px&#8220; custom_padding=&#8220;0px||0px||false|false&#8220; global_colors_info=&#8220;{}&#8220;][\/et_pb_image][\/et_pb_column][et_pb_column type=&#8220;1_2&#8243; admin_label=&#8220;Spalte&#8220; _builder_version=&#8220;4.16&#8243; background_position=&#8220;top_left&#8220; custom_padding=&#8220;0px||0px|&#8220; global_colors_info=&#8220;{}&#8220; custom_padding__hover=&#8220;|||&#8220;][et_pb_text disabled_on=&#8220;on||&#8220; admin_label=&#8220;Spitzenquali\u00e4ts-Spitzen Pr\u00e4zisionsmechanik&#8220; _builder_version=&#8220;4.16&#8243; text_text_color=&#8220;#777777&#8243; text_font_size=&#8220;29px&#8220; text_line_height=&#8220;1.2em&#8220; custom_margin=&#8220;0px||0px|&#8220; custom_padding=&#8220;0px||0px|70px&#8220; border_style=&#8220;solid&#8220; global_colors_info=&#8220;{}&#8220;]<\/p>\n<p>Spitzenqualit\u00e4ts-Spitzen<br \/>Pr\u00e4zisionsmechanik<\/p>\n<p>[\/et_pb_text][\/et_pb_column][et_pb_column type=&#8220;1_4&#8243; _builder_version=&#8220;4.16&#8243; background_position=&#8220;top_left&#8220; custom_padding=&#8220;0px||0px|&#8220; global_colors_info=&#8220;{}&#8220; custom_padding__hover=&#8220;|||&#8220;][et_pb_image src=&#8220;https:\/\/gprtops.ch\/de\/wp-content\/uploads\/2017\/07\/Wandfluh_Logo_Redesign_RGB_production_automation-scaled-e1777293079868.png&#8220; alt=&#8220;Greber AG&#8220; title_text=&#8220;Wandfluh_Logo_Redesign_RGB_production_automation&#8220; align_tablet=&#8220;center&#8220; align_phone=&#8220;&#8220; align_last_edited=&#8220;on|desktop&#8220; disabled_on=&#8220;on|off|off&#8220; admin_label=&#8220;Logo GREBER&#8220; _builder_version=&#8220;4.27.5&#8243; width=&#8220;100%&#8220; custom_margin=&#8220;0px|0px|0px|0px&#8220; custom_padding=&#8220;0px||0px||false|false&#8220; global_colors_info=&#8220;{}&#8220;][\/et_pb_image][\/et_pb_column][\/et_pb_row][et_pb_row disabled_on=&#8220;on||&#8220; _builder_version=&#8220;4.27.0&#8243; vertical_offset=&#8220;73px&#8220; horizontal_offset=&#8220;0px&#8220; z_index=&#8220;1&#8243; width=&#8220;35%&#8220; module_alignment=&#8220;right&#8220; custom_margin=&#8220;0px||0px||false|false&#8220; custom_padding=&#8220;0px|27%|0px||false|false&#8220; global_colors_info=&#8220;{}&#8220;][et_pb_column type=&#8220;4_4&#8243; _builder_version=&#8220;4.16&#8243; background_position=&#8220;top_left&#8220; custom_padding=&#8220;0px||0px|&#8220; global_colors_info=&#8220;{}&#8220; custom_padding__hover=&#8220;|||&#8220;][et_pb_text disabled_on=&#8220;on||&#8220; admin_label=&#8220;Sprachen&#8220; _builder_version=&#8220;4.27.0&#8243; text_font=&#8220;|600|||||||&#8220; text_text_color=&#8220;#FFFFFF&#8220; text_font_size=&#8220;15px&#8220; text_line_height=&#8220;1.2em&#8220; background_enable_color=&#8220;off&#8220; text_orientation=&#8220;right&#8220; background_layout=&#8220;dark&#8220; custom_margin=&#8220;0px||0px||false|false&#8220; custom_padding=&#8220;0px||0px||false|false&#8220; border_style=&#8220;solid&#8220; global_colors_info=&#8220;{}&#8220; text_text_color__hover_enabled=&#8220;on|hover&#8220; text_text_color__hover=&#8220;#FFFFFF&#8220;]<\/p>\n<p><a style=\"color: #fff;\" href=\"https:\/\/gprtops.ch\/\">DE<\/a>\u00a0 |\u00a0 <a style=\"color: #fff;\" href=\"https:\/\/gprtops.ch\/en\/\">EN<\/a><\/p>\n<p>[\/et_pb_text][\/et_pb_column][\/et_pb_row][\/et_pb_section][et_pb_section fb_built=&#8220;1&#8243; fullwidth=&#8220;on&#8220; disabled_on=&#8220;on|off|off&#8220; _builder_version=&#8220;4.27.5&#8243; custom_margin=&#8220;0px||0px||false|false&#8220; custom_padding=&#8220;0px||0px|&#8220; global_module=&#8220;77&#8243; global_colors_info=&#8220;{}&#8220;][et_pb_fullwidth_menu menu_id=&#8220;5&#8243; submenu_direction=&#8220;downwards&#8220; fullwidth_menu=&#8220;off&#8220; active_link_color=&#8220;#ffffff&#8220; dropdown_menu_bg_color=&#8220;#ffffff&#8220; dropdown_menu_line_color=&#8220;#0c9bc6&#8243; dropdown_menu_text_color=&#8220;#666666&#8243; mobile_menu_bg_color=&#8220;#ffffff&#8220; _builder_version=&#8220;4.25.1&#8243; menu_text_color=&#8220;#c4e9f2&#8243; menu_font_size=&#8220;16px&#8220; background_color=&#8220;#0c9bc6&#8243; background_layout=&#8220;dark&#8220; custom_margin=&#8220;0px||0px|&#8220; custom_padding=&#8220;0px||0px|&#8220; global_colors_info=&#8220;{}&#8220;][\/et_pb_fullwidth_menu][\/et_pb_section][et_pb_section fb_built=&#8220;1&#8243; fullwidth=&#8220;on&#8220; disabled_on=&#8220;|on|on&#8220; admin_label=&#8220;Sektion&#8220; _builder_version=&#8220;4.27.5&#8243; width=&#8220;100%&#8220; height=&#8220;100px&#8220; custom_margin=&#8220;|30px||30px|false|false&#8220; custom_padding=&#8220;30px||10px|&#8220; global_module=&#8220;792&#8243; global_colors_info=&#8220;{}&#8220;][et_pb_fullwidth_image src=&#8220;https:\/\/gprtops.ch\/de\/wp-content\/uploads\/2017\/07\/Wandfluh_Logo_Redesign_RGB_production_automation-scaled-e1777293079868.png&#8220; title_text=&#8220;Wandfluh_Logo_Redesign_RGB_production_automation&#8220; _builder_version=&#8220;4.27.5&#8243; _module_preset=&#8220;default&#8220; positioning=&#8220;absolute&#8220; position_origin_a=&#8220;center_right&#8220; width=&#8220;50%&#8220; width_tablet=&#8220;50%&#8220; width_phone=&#8220;45%&#8220; width_last_edited=&#8220;on|phone&#8220; custom_margin=&#8220;|30px|||false|false&#8220; global_colors_info=&#8220;{}&#8220;][\/et_pb_fullwidth_image][et_pb_fullwidth_image src=&#8220;https:\/\/gprtops.ch\/de\/wp-content\/uploads\/2017\/07\/gprtops.png&#8220; alt=&#8220;GPRTOPS&#8220; title_text=&#8220;GPRTOPS&#8220; _builder_version=&#8220;4.27.5&#8243; _module_preset=&#8220;default&#8220; positioning=&#8220;absolute&#8220; position_origin_a=&#8220;center_left&#8220; width=&#8220;50%&#8220; width_tablet=&#8220;50%&#8220; width_phone=&#8220;35%&#8220; width_last_edited=&#8220;on|phone&#8220; custom_margin=&#8220;|||15px|false|false&#8220; global_colors_info=&#8220;{}&#8220;][\/et_pb_fullwidth_image][\/et_pb_section][et_pb_section fb_built=&#8220;1&#8243; fullwidth=&#8220;on&#8220; disabled_on=&#8220;on|on|on&#8220; _builder_version=&#8220;4.27.5&#8243; custom_padding=&#8220;0px||0px|&#8220; disabled=&#8220;on&#8220; global_module=&#8220;795&#8243; global_colors_info=&#8220;{}&#8220;][et_pb_fullwidth_image src=&#8220;https:\/\/gprtops.ch\/de\/wp-content\/uploads\/2017\/07\/berge_mobile.jpg&#8220; title_text=&#8220;berge_mobile&#8220; disabled_on=&#8220;|on|on&#8220; admin_label=&#8220;MOBILE: Header Berge&#8220; _builder_version=&#8220;4.25.1&#8243; custom_css_main_element=&#8220;border-bottom: solid 5px #0c9bc6;&#8220; animation=&#8220;off&#8220; border_style=&#8220;solid&#8220; global_colors_info=&#8220;{}&#8220;][\/et_pb_fullwidth_image][et_pb_fullwidth_code _builder_version=&#8220;4.27.0&#8243; _module_preset=&#8220;default&#8220; background_color=&#8220;#0c9bc6&#8243; text_orientation=&#8220;right&#8220; module_alignment=&#8220;center&#8220; max_height=&#8220;164px&#8220; custom_margin=&#8220;0px||0px||false|false&#8220; custom_padding=&#8220;0px|10%|5px||false|false&#8220; global_colors_info=&#8220;{}&#8220;]<span style=\"color:#fff; font-size:15px;\"><a style=\"color: #fff;\" href=\"https:\/\/gprtops.ch\/\">DE<\/a>\u00a0 |\u00a0 <a style=\"color: #fff;\" href=\"https:\/\/gprtops.ch\/en\/\">EN<\/a><\/span>[\/et_pb_fullwidth_code][\/et_pb_section][et_pb_section fb_built=&#8220;1&#8243; fullwidth=&#8220;on&#8220; _builder_version=&#8220;4.16&#8243; custom_padding=&#8220;0px||0px|&#8220; global_colors_info=&#8220;{}&#8220;][et_pb_fullwidth_image src=&#8220;http:\/\/gprtops.ch\/de\/wp-content\/uploads\/2017\/07\/berge_schmal.jpg&#8220; _builder_version=&#8220;4.16&#8243; animation=&#8220;off&#8220; border_style=&#8220;solid&#8220; global_colors_info=&#8220;{}&#8220;][\/et_pb_fullwidth_image][\/et_pb_section][et_pb_section fb_built=&#8220;1&#8243; disabled_on=&#8220;on||&#8220; _builder_version=&#8220;4.6.5&#8243; background_color=&#8220;rgba(0,0,0,0)&#8220; custom_margin=&#8220;0px||0px||false|false&#8220; custom_padding=&#8220;0px||0px||false|false&#8220; global_module=&#8220;618&#8243; global_colors_info=&#8220;{}&#8220;][et_pb_row column_structure=&#8220;3_5,2_5&#8243; _builder_version=&#8220;4.16&#8243; background_color=&#8220;rgba(0,0,0,0)&#8220; custom_margin=&#8220;0px||0px|&#8220; custom_padding=&#8220;0px||0px||false|false&#8220; global_colors_info=&#8220;{}&#8220;][et_pb_column type=&#8220;3_5&#8243; _builder_version=&#8220;4.16&#8243; custom_padding=&#8220;0px||0px||false|false&#8220; global_colors_info=&#8220;{}&#8220; custom_padding__hover=&#8220;|||&#8220;][\/et_pb_column][et_pb_column type=&#8220;2_5&#8243; _builder_version=&#8220;4.16&#8243; custom_padding=&#8220;0px||0px||false|false&#8220; global_colors_info=&#8220;{}&#8220; custom_padding__hover=&#8220;|||&#8220;][et_pb_search exclude_pages=&#8220;off&#8220; placeholder=&#8220;Suchbegriff&#8220; button_color=&#8220;#f2f2f2&#8243; placeholder_color=&#8220;#adadad&#8220; _builder_version=&#8220;4.16&#8243; form_field_background_color=&#8220;#ffffff&#8220; form_field_text_color=&#8220;#adadad&#8220; form_field_focus_text_color=&#8220;#adadad&#8220; button_text_color=&#8220;#666666&#8243; button_font_size=&#8220;15px&#8220; custom_margin=&#8220;20px||0px||false|false&#8220; custom_padding=&#8220;0px||0px|&#8220; border_radii=&#8220;on||||&#8220; border_color_all=&#8220;#e0e0e0&#8243; hide_button=&#8220;off&#8220; global_colors_info=&#8220;{}&#8220; button_text_size__hover_enabled=&#8220;off&#8220; button_text_size__hover=&#8220;null&#8220; button_one_text_size__hover_enabled=&#8220;off&#8220; button_one_text_size__hover=&#8220;null&#8220; button_two_text_size__hover_enabled=&#8220;off&#8220; button_two_text_size__hover=&#8220;null&#8220; button_text_color__hover_enabled=&#8220;off&#8220; button_text_color__hover=&#8220;null&#8220; button_one_text_color__hover_enabled=&#8220;off&#8220; button_one_text_color__hover=&#8220;null&#8220; button_two_text_color__hover_enabled=&#8220;off&#8220; button_two_text_color__hover=&#8220;null&#8220; button_border_width__hover_enabled=&#8220;off&#8220; button_border_width__hover=&#8220;null&#8220; button_one_border_width__hover_enabled=&#8220;off&#8220; button_one_border_width__hover=&#8220;null&#8220; button_two_border_width__hover_enabled=&#8220;off&#8220; button_two_border_width__hover=&#8220;null&#8220; button_border_color__hover_enabled=&#8220;off&#8220; button_border_color__hover=&#8220;null&#8220; button_one_border_color__hover_enabled=&#8220;off&#8220; button_one_border_color__hover=&#8220;null&#8220; button_two_border_color__hover_enabled=&#8220;off&#8220; button_two_border_color__hover=&#8220;null&#8220; button_border_radius__hover_enabled=&#8220;off&#8220; button_border_radius__hover=&#8220;null&#8220; button_one_border_radius__hover_enabled=&#8220;off&#8220; button_one_border_radius__hover=&#8220;null&#8220; button_two_border_radius__hover_enabled=&#8220;off&#8220; button_two_border_radius__hover=&#8220;null&#8220; button_letter_spacing__hover_enabled=&#8220;off&#8220; button_letter_spacing__hover=&#8220;null&#8220; button_one_letter_spacing__hover_enabled=&#8220;off&#8220; button_one_letter_spacing__hover=&#8220;null&#8220; button_two_letter_spacing__hover_enabled=&#8220;off&#8220; button_two_letter_spacing__hover=&#8220;null&#8220; button_bg_color__hover_enabled=&#8220;off&#8220; button_bg_color__hover=&#8220;null&#8220; button_one_bg_color__hover_enabled=&#8220;off&#8220; button_one_bg_color__hover=&#8220;null&#8220; button_two_bg_color__hover_enabled=&#8220;off&#8220; button_two_bg_color__hover=&#8220;null&#8220;][\/et_pb_search][\/et_pb_column][\/et_pb_row][\/et_pb_section][et_pb_section fb_built=&#8220;1&#8243; disabled_on=&#8220;on||&#8220; _builder_version=&#8220;4.16&#8243; custom_padding=&#8220;0px||0px|&#8220; global_colors_info=&#8220;{}&#8220;][et_pb_row _builder_version=&#8220;4.16&#8243; custom_margin=&#8220;0px||0px|&#8220; custom_padding=&#8220;0px||0px|&#8220; global_colors_info=&#8220;{}&#8220;][et_pb_column type=&#8220;4_4&#8243; _builder_version=&#8220;4.16&#8243; custom_padding=&#8220;|||&#8220; global_colors_info=&#8220;{}&#8220; custom_padding__hover=&#8220;|||&#8220;][et_pb_text _builder_version=&#8220;4.27.5&#8243; custom_margin=&#8220;0px||0px|&#8220; custom_padding=&#8220;0px||0px|&#8220; hover_enabled=&#8220;0&#8243; global_colors_info=&#8220;{}&#8220; sticky_enabled=&#8220;0&#8243;]<\/p>\n<h1>Kontaktangaben<\/h1>\n<p>[\/et_pb_text][\/et_pb_column][\/et_pb_row][\/et_pb_section][et_pb_section fb_built=&#8220;1&#8243; custom_padding_last_edited=&#8220;on|desktop&#8220; disabled_on=&#8220;on||&#8220; _builder_version=&#8220;4.16&#8243; custom_margin=&#8220;0px||0px|&#8220; custom_padding=&#8220;0px||150px|&#8220; custom_padding_tablet=&#8220;&#8220; custom_padding_phone=&#8220;0px||50px|&#8220; global_colors_info=&#8220;{}&#8220;][et_pb_row column_structure=&#8220;1_3,2_3&#8243; _builder_version=&#8220;4.16&#8243; custom_margin=&#8220;0px||0px|&#8220; custom_padding=&#8220;0px||0px|&#8220; global_colors_info=&#8220;{}&#8220;][et_pb_column type=&#8220;1_3&#8243; _builder_version=&#8220;4.16&#8243; custom_padding=&#8220;|||&#8220; global_colors_info=&#8220;{}&#8220; custom_padding__hover=&#8220;|||&#8220;][et_pb_text _builder_version=&#8220;4.27.5&#8243; custom_margin=&#8220;0px||0px|&#8220; custom_padding=&#8220;0px||0px|&#8220; hover_enabled=&#8220;0&#8243; border_style=&#8220;solid&#8220; global_colors_info=&#8220;{}&#8220; sticky_enabled=&#8220;0&#8243;]<\/p>\n<p>Wandfluh Produktions AG<br \/>Gand 34, CH-3713 Reichenbach<\/p>\n<p><a href=\"tel:+413367273 73\">+41 33 672 73 73<\/a><br \/><a href=\"https:\/\/www.wapro.ch\/\">www.wapro.ch<\/a><br \/><a href=\"mailto:info@greberag.ch\">info@greberag.ch<\/a><\/p>\n<p>[\/et_pb_text][\/et_pb_column][et_pb_column type=&#8220;2_3&#8243; _builder_version=&#8220;4.16&#8243; custom_padding=&#8220;|||&#8220; global_colors_info=&#8220;{}&#8220; custom_padding__hover=&#8220;|||&#8220;][et_pb_text _builder_version=&#8220;4.16&#8243; custom_margin=&#8220;0px||0px|&#8220; custom_padding=&#8220;0px||0px|&#8220; global_colors_info=&#8220;{}&#8220;]<iframe loading=\"lazy\" src=\"https:\/\/www.google.com\/maps\/embed?pb=!1m18!1m12!1m3!1d2440.8895573617733!2d7.682735321141044!3d46.613960426023276!2m3!1f0!2f0!3f0!3m2!1i1024!2i768!4f13.1!3m3!1m2!1s0x478fa90d18e9aa75%3A0x259298199956c71a!2sGand%2034%2C%203713%20Reichenbach%20im%20Kandertal!5e1!3m2!1sde!2sch!4v1582622314944!5m2!1sde!2sch\" width=\"100%\" height=\"600\" frameborder=\"0\" style=\"border:0;\" allowfullscreen=\"\"><\/iframe>[\/et_pb_text][\/et_pb_column][\/et_pb_row][\/et_pb_section]<\/p>\n","protected":false},"excerpt":{"rendered":"<p>Spitzenqualit\u00e4ts-SpitzenPr\u00e4zisionsmechanikDE\u00a0 |\u00a0 ENKontaktangabenWandfluh Produktions AGGand 34, CH-3713 Reichenbach +41 33 672 73 73www.wapro.chinfo@greberag.ch<\/p>\n","protected":false},"author":1,"featured_media":0,"parent":0,"menu_order":400,"comment_status":"closed","ping_status":"closed","template":"","meta":{"_et_pb_use_builder":"on","_et_pb_old_content":"","_et_gb_content_width":"","footnotes":""},"class_list":["post-141","page","type-page","status-publish","hentry"],"yoast_head":"<!-- This site is optimized with the Yoast SEO plugin v26.7 - https:\/\/yoast.com\/wordpress\/plugins\/seo\/ -->\n<title>Kontakt - GPRTOPS Spitzenqualit\u00e4ts-Spitzen<\/title>\n<meta name=\"robots\" content=\"index, follow, max-snippet:-1, max-image-preview:large, max-video-preview:-1\" \/>\n<link rel=\"canonical\" href=\"https:\/\/gprtops.ch\/de\/kontakt\/\" \/>\n<meta property=\"og:locale\" content=\"de_DE\" \/>\n<meta property=\"og:type\" content=\"article\" \/>\n<meta property=\"og:title\" content=\"Kontakt - GPRTOPS Spitzenqualit\u00e4ts-Spitzen\" \/>\n<meta property=\"og:description\" content=\"Spitzenqualit\u00e4ts-SpitzenPr\u00e4zisionsmechanikDE\u00a0 |\u00a0 ENKontaktangabenWandfluh Produktions AGGand 34, CH-3713 Reichenbach +41 33 672 73 73www.wapro.chinfo@greberag.ch\" \/>\n<meta property=\"og:url\" content=\"https:\/\/gprtops.ch\/de\/kontakt\/\" \/>\n<meta property=\"og:site_name\" content=\"GPRTOPS Spitzenqualit\u00e4ts-Spitzen\" \/>\n<meta property=\"article:modified_time\" content=\"2026-05-04T11:58:58+00:00\" \/>\n<meta name=\"twitter:card\" content=\"summary_large_image\" \/>\n<meta name=\"twitter:label1\" content=\"Gesch\u00e4tzte Lesezeit\" \/>\n\t<meta name=\"twitter:data1\" content=\"2\u00a0Minuten\" \/>\n<script type=\"application\/ld+json\" class=\"yoast-schema-graph\">{\"@context\":\"https:\/\/schema.org\",\"@graph\":[{\"@type\":\"WebPage\",\"@id\":\"https:\/\/gprtops.ch\/de\/kontakt\/\",\"url\":\"https:\/\/gprtops.ch\/de\/kontakt\/\",\"name\":\"Kontakt - GPRTOPS Spitzenqualit\u00e4ts-Spitzen\",\"isPartOf\":{\"@id\":\"https:\/\/gprtops.ch\/de\/#website\"},\"datePublished\":\"2017-07-04T12:47:45+00:00\",\"dateModified\":\"2026-05-04T11:58:58+00:00\",\"breadcrumb\":{\"@id\":\"https:\/\/gprtops.ch\/de\/kontakt\/#breadcrumb\"},\"inLanguage\":\"de\",\"potentialAction\":[{\"@type\":\"ReadAction\",\"target\":[\"https:\/\/gprtops.ch\/de\/kontakt\/\"]}]},{\"@type\":\"BreadcrumbList\",\"@id\":\"https:\/\/gprtops.ch\/de\/kontakt\/#breadcrumb\",\"itemListElement\":[{\"@type\":\"ListItem\",\"position\":1,\"name\":\"Startseite\",\"item\":\"https:\/\/gprtops.ch\/de\/\"},{\"@type\":\"ListItem\",\"position\":2,\"name\":\"Kontakt\"}]},{\"@type\":\"WebSite\",\"@id\":\"https:\/\/gprtops.ch\/de\/#website\",\"url\":\"https:\/\/gprtops.ch\/de\/\",\"name\":\"GPRTOPS Spitzenqualit\u00e4ts-Spitzen\",\"description\":\"Pr\u00e4zisionsmechanik\",\"potentialAction\":[{\"@type\":\"SearchAction\",\"target\":{\"@type\":\"EntryPoint\",\"urlTemplate\":\"https:\/\/gprtops.ch\/de\/?s={search_term_string}\"},\"query-input\":{\"@type\":\"PropertyValueSpecification\",\"valueRequired\":true,\"valueName\":\"search_term_string\"}}],\"inLanguage\":\"de\"}]}<\/script>\n<!-- \/ Yoast SEO plugin. -->","yoast_head_json":{"title":"Kontakt - GPRTOPS Spitzenqualit\u00e4ts-Spitzen","robots":{"index":"index","follow":"follow","max-snippet":"max-snippet:-1","max-image-preview":"max-image-preview:large","max-video-preview":"max-video-preview:-1"},"canonical":"https:\/\/gprtops.ch\/de\/kontakt\/","og_locale":"de_DE","og_type":"article","og_title":"Kontakt - GPRTOPS Spitzenqualit\u00e4ts-Spitzen","og_description":"Spitzenqualit\u00e4ts-SpitzenPr\u00e4zisionsmechanikDE\u00a0 |\u00a0 ENKontaktangabenWandfluh Produktions AGGand 34, CH-3713 Reichenbach +41 33 672 73 73www.wapro.chinfo@greberag.ch","og_url":"https:\/\/gprtops.ch\/de\/kontakt\/","og_site_name":"GPRTOPS Spitzenqualit\u00e4ts-Spitzen","article_modified_time":"2026-05-04T11:58:58+00:00","twitter_card":"summary_large_image","twitter_misc":{"Gesch\u00e4tzte Lesezeit":"2\u00a0Minuten"},"schema":{"@context":"https:\/\/schema.org","@graph":[{"@type":"WebPage","@id":"https:\/\/gprtops.ch\/de\/kontakt\/","url":"https:\/\/gprtops.ch\/de\/kontakt\/","name":"Kontakt - GPRTOPS Spitzenqualit\u00e4ts-Spitzen","isPartOf":{"@id":"https:\/\/gprtops.ch\/de\/#website"},"datePublished":"2017-07-04T12:47:45+00:00","dateModified":"2026-05-04T11:58:58+00:00","breadcrumb":{"@id":"https:\/\/gprtops.ch\/de\/kontakt\/#breadcrumb"},"inLanguage":"de","potentialAction":[{"@type":"ReadAction","target":["https:\/\/gprtops.ch\/de\/kontakt\/"]}]},{"@type":"BreadcrumbList","@id":"https:\/\/gprtops.ch\/de\/kontakt\/#breadcrumb","itemListElement":[{"@type":"ListItem","position":1,"name":"Startseite","item":"https:\/\/gprtops.ch\/de\/"},{"@type":"ListItem","position":2,"name":"Kontakt"}]},{"@type":"WebSite","@id":"https:\/\/gprtops.ch\/de\/#website","url":"https:\/\/gprtops.ch\/de\/","name":"GPRTOPS Spitzenqualit\u00e4ts-Spitzen","description":"Pr\u00e4zisionsmechanik","potentialAction":[{"@type":"SearchAction","target":{"@type":"EntryPoint","urlTemplate":"https:\/\/gprtops.ch\/de\/?s={search_term_string}"},"query-input":{"@type":"PropertyValueSpecification","valueRequired":true,"valueName":"search_term_string"}}],"inLanguage":"de"}]}},"_links":{"self":[{"href":"https:\/\/gprtops.ch\/de\/wp-json\/wp\/v2\/pages\/141","targetHints":{"allow":["GET"]}}],"collection":[{"href":"https:\/\/gprtops.ch\/de\/wp-json\/wp\/v2\/pages"}],"about":[{"href":"https:\/\/gprtops.ch\/de\/wp-json\/wp\/v2\/types\/page"}],"author":[{"embeddable":true,"href":"https:\/\/gprtops.ch\/de\/wp-json\/wp\/v2\/users\/1"}],"replies":[{"embeddable":true,"href":"https:\/\/gprtops.ch\/de\/wp-json\/wp\/v2\/comments?post=141"}],"version-history":[{"count":17,"href":"https:\/\/gprtops.ch\/de\/wp-json\/wp\/v2\/pages\/141\/revisions"}],"predecessor-version":[{"id":5552,"href":"https:\/\/gprtops.ch\/de\/wp-json\/wp\/v2\/pages\/141\/revisions\/5552"}],"wp:attachment":[{"href":"https:\/\/gprtops.ch\/de\/wp-json\/wp\/v2\/media?parent=141"}],"curies":[{"name":"wp","href":"https:\/\/api.w.org\/{rel}","templated":true}]}}