{"id":3909,"date":"2021-04-22T12:24:21","date_gmt":"2021-04-22T12:24:21","guid":{"rendered":"http:\/\/gprtops.ch\/de\/?page_id=3909"},"modified":"2021-04-22T12:24:24","modified_gmt":"2021-04-22T12:24:24","slug":"sonderanfertigungen-mitlaufende","status":"publish","type":"page","link":"https:\/\/gprtops.ch\/de\/sonderanfertigungen-mitlaufende\/","title":{"rendered":"Sonderanfertigungen"},"content":{"rendered":"<p>[et_pb_section fb_built=&#8220;1&#8243; disabled_on=&#8220;on||&#8220; _builder_version=&#8220;4.6.5&#8243; custom_margin=&#8220;0px||0px||false|false&#8220; custom_padding=&#8220;0px||25px||false|false&#8220; link_option_url=&#8220;http:\/\/gprtops.ch\/de\/&#8220; global_module=&#8220;82&#8243;][et_pb_row column_structure=&#8220;1_4,1_2,1_4&#8243; disabled_on=&#8220;on||&#8220; _builder_version=&#8220;4.6.5&#8243; custom_margin=&#8220;0px||0px|&#8220; custom_padding=&#8220;0px||0px|&#8220;][et_pb_column type=&#8220;1_4&#8243; _builder_version=&#8220;4.6.5&#8243; background_position=&#8220;top_left&#8220; custom_padding=&#8220;0px||0px|&#8220; custom_padding__hover=&#8220;|||&#8220;][et_pb_image src=&#8220;\/de\/wp-content\/uploads\/2017\/07\/gprtops.png&#8220; alt=&#8220;GPRTOPS&#8220; align_tablet=&#8220;center&#8220; align_phone=&#8220;&#8220; align_last_edited=&#8220;on|desktop&#8220; disabled_on=&#8220;on||&#8220; admin_label=&#8220;Logo GPRTOPS&#8220; _builder_version=&#8220;4.6.5&#8243; width=&#8220;90%&#8220; custom_margin=&#8220;5px|0px|0px|0px&#8220; custom_padding=&#8220;0px||0px||false|false&#8220;][\/et_pb_image][\/et_pb_column][et_pb_column type=&#8220;1_2&#8243; _builder_version=&#8220;4.6.5&#8243; background_position=&#8220;top_left&#8220; custom_padding=&#8220;0px||0px|&#8220; custom_padding__hover=&#8220;|||&#8220;][et_pb_text disabled_on=&#8220;on||&#8220; admin_label=&#8220;Spitzenquali\u00e4ts-Spitzen Pr\u00e4zisionsmechanik&#8220; _builder_version=&#8220;4.6.5&#8243; text_text_color=&#8220;#777777&#8243; text_font_size=&#8220;29px&#8220; text_line_height=&#8220;1.2em&#8220; custom_margin=&#8220;0px||0px|&#8220; custom_padding=&#8220;0px||0px|70px&#8220; border_style=&#8220;solid&#8220;]<\/p>\n<p>Spitzenqualit\u00e4ts-Spitzen<br \/>Pr\u00e4zisionsmechanik<\/p>\n<p>[\/et_pb_text][\/et_pb_column][et_pb_column type=&#8220;1_4&#8243; _builder_version=&#8220;4.6.5&#8243; background_position=&#8220;top_left&#8220; custom_padding=&#8220;0px||0px|&#8220; custom_padding__hover=&#8220;|||&#8220;][et_pb_image src=&#8220;\/de\/wp-content\/uploads\/2017\/07\/greberag.png&#8220; alt=&#8220;Greber AG&#8220; align_tablet=&#8220;center&#8220; align_phone=&#8220;&#8220; align_last_edited=&#8220;on|desktop&#8220; disabled_on=&#8220;on||&#8220; admin_label=&#8220;Logo GREBER&#8220; _builder_version=&#8220;4.6.5&#8243; width=&#8220;90%&#8220; custom_margin=&#8220;0px|0px|0px|0px&#8220; custom_padding=&#8220;0px||0px||false|false&#8220;][\/et_pb_image][\/et_pb_column][\/et_pb_row][\/et_pb_section][et_pb_section fb_built=&#8220;1&#8243; fullwidth=&#8220;on&#8220; disabled_on=&#8220;on||&#8220; _builder_version=&#8220;4.6.5&#8243; custom_margin=&#8220;0px||0px||false|false&#8220; custom_padding=&#8220;0px||0px|&#8220; global_module=&#8220;77&#8243;][et_pb_fullwidth_menu menu_id=&#8220;5&#8243; submenu_direction=&#8220;downwards&#8220; fullwidth_menu=&#8220;off&#8220; active_link_color=&#8220;#ffffff&#8220; dropdown_menu_bg_color=&#8220;#ffffff&#8220; dropdown_menu_line_color=&#8220;#0c9bc6&#8243; dropdown_menu_text_color=&#8220;#666666&#8243; mobile_menu_bg_color=&#8220;#ffffff&#8220; _builder_version=&#8220;4.6.5&#8243; menu_text_color=&#8220;#c4e9f2&#8243; menu_font_size=&#8220;16px&#8220; background_color=&#8220;#0c9bc6&#8243; background_layout=&#8220;dark&#8220; custom_margin=&#8220;0px||0px|&#8220; custom_padding=&#8220;0px||0px|&#8220;][\/et_pb_fullwidth_menu][\/et_pb_section][et_pb_section fb_built=&#8220;1&#8243; fullwidth=&#8220;on&#8220; disabled_on=&#8220;|on|on&#8220; _builder_version=&#8220;3.0.69&#8243; custom_padding=&#8220;30px||10px|&#8220; global_module=&#8220;792&#8243;][et_pb_fullwidth_image src=&#8220;\/de\/wp-content\/uploads\/2017\/07\/header_logo_mobile.png&#8220; disabled_on=&#8220;|on|on&#8220; admin_label=&#8220;MOBILE: Logos&#8220; _builder_version=&#8220;3.0.87&#8243; animation=&#8220;off&#8220; border_style=&#8220;solid&#8220;][\/et_pb_fullwidth_image][\/et_pb_section][et_pb_section fb_built=&#8220;1&#8243; fullwidth=&#8220;on&#8220; disabled_on=&#8220;|on|on&#8220; _builder_version=&#8220;3.0.69&#8243; custom_padding=&#8220;0px||0px|&#8220; global_module=&#8220;795&#8243;][et_pb_fullwidth_image src=&#8220;\/de\/wp-content\/uploads\/2017\/07\/berge_mobile.jpg&#8220; disabled_on=&#8220;|on|on&#8220; admin_label=&#8220;MOBILE: Header Berge&#8220; _builder_version=&#8220;3.0.87&#8243; custom_css_main_element=&#8220;border-bottom: solid 5px #0c9bc6;&#8220; animation=&#8220;off&#8220; border_style=&#8220;solid&#8220;][\/et_pb_fullwidth_image][\/et_pb_section][et_pb_section fb_built=&#8220;1&#8243; fullwidth=&#8220;on&#8220; disabled_on=&#8220;on||&#8220; _builder_version=&#8220;3.22&#8243;][et_pb_fullwidth_image src=&#8220;\/de\/wp-content\/uploads\/2017\/07\/berge_schmal.jpg&#8220; admin_label=&#8220;Header Berge&#8220; _builder_version=&#8220;3.0.87&#8243; animation=&#8220;off&#8220; border_style=&#8220;solid&#8220;][\/et_pb_fullwidth_image][\/et_pb_section][et_pb_section fb_built=&#8220;1&#8243; disabled_on=&#8220;on||&#8220; _builder_version=&#8220;4.6.5&#8243; background_color=&#8220;rgba(0,0,0,0)&#8220; custom_margin=&#8220;0px||0px||false|false&#8220; custom_padding=&#8220;0px||0px||false|false&#8220; global_module=&#8220;618&#8243;][et_pb_row column_structure=&#8220;3_5,2_5&#8243; _builder_version=&#8220;4.6.5&#8243; background_color=&#8220;rgba(0,0,0,0)&#8220; custom_margin=&#8220;0px||0px|&#8220; custom_padding=&#8220;0px||0px||false|false&#8220;][et_pb_column type=&#8220;3_5&#8243; _builder_version=&#8220;4.6.5&#8243; custom_padding=&#8220;0px||0px||false|false&#8220; custom_padding__hover=&#8220;|||&#8220;][\/et_pb_column][et_pb_column type=&#8220;2_5&#8243; _builder_version=&#8220;4.6.5&#8243; custom_padding=&#8220;0px||0px||false|false&#8220; custom_padding__hover=&#8220;|||&#8220;][et_pb_search exclude_pages=&#8220;off&#8220; placeholder=&#8220;Suchbegriff&#8220; button_color=&#8220;#f2f2f2&#8243; placeholder_color=&#8220;#adadad&#8220; _builder_version=&#8220;4.6.5&#8243; form_field_background_color=&#8220;#ffffff&#8220; form_field_text_color=&#8220;#adadad&#8220; form_field_focus_text_color=&#8220;#adadad&#8220; button_text_color=&#8220;#666666&#8243; button_font_size=&#8220;15px&#8220; custom_margin=&#8220;20px||0px||false|false&#8220; custom_padding=&#8220;0px||0px|&#8220; border_radii=&#8220;on||||&#8220; border_color_all=&#8220;#e0e0e0&#8243; hide_button=&#8220;off&#8220; button_text_size__hover_enabled=&#8220;off&#8220; button_text_size__hover=&#8220;null&#8220; button_one_text_size__hover_enabled=&#8220;off&#8220; button_one_text_size__hover=&#8220;null&#8220; button_two_text_size__hover_enabled=&#8220;off&#8220; button_two_text_size__hover=&#8220;null&#8220; button_text_color__hover_enabled=&#8220;off&#8220; button_text_color__hover=&#8220;null&#8220; button_one_text_color__hover_enabled=&#8220;off&#8220; button_one_text_color__hover=&#8220;null&#8220; button_two_text_color__hover_enabled=&#8220;off&#8220; button_two_text_color__hover=&#8220;null&#8220; button_border_width__hover_enabled=&#8220;off&#8220; button_border_width__hover=&#8220;null&#8220; button_one_border_width__hover_enabled=&#8220;off&#8220; button_one_border_width__hover=&#8220;null&#8220; button_two_border_width__hover_enabled=&#8220;off&#8220; button_two_border_width__hover=&#8220;null&#8220; button_border_color__hover_enabled=&#8220;off&#8220; button_border_color__hover=&#8220;null&#8220; button_one_border_color__hover_enabled=&#8220;off&#8220; button_one_border_color__hover=&#8220;null&#8220; button_two_border_color__hover_enabled=&#8220;off&#8220; button_two_border_color__hover=&#8220;null&#8220; button_border_radius__hover_enabled=&#8220;off&#8220; button_border_radius__hover=&#8220;null&#8220; button_one_border_radius__hover_enabled=&#8220;off&#8220; button_one_border_radius__hover=&#8220;null&#8220; button_two_border_radius__hover_enabled=&#8220;off&#8220; button_two_border_radius__hover=&#8220;null&#8220; button_letter_spacing__hover_enabled=&#8220;off&#8220; button_letter_spacing__hover=&#8220;null&#8220; button_one_letter_spacing__hover_enabled=&#8220;off&#8220; button_one_letter_spacing__hover=&#8220;null&#8220; button_two_letter_spacing__hover_enabled=&#8220;off&#8220; button_two_letter_spacing__hover=&#8220;null&#8220; button_bg_color__hover_enabled=&#8220;off&#8220; button_bg_color__hover=&#8220;null&#8220; button_one_bg_color__hover_enabled=&#8220;off&#8220; button_one_bg_color__hover=&#8220;null&#8220; button_two_bg_color__hover_enabled=&#8220;off&#8220; button_two_bg_color__hover=&#8220;null&#8220;][\/et_pb_search][\/et_pb_column][\/et_pb_row][\/et_pb_section][et_pb_section fb_built=&#8220;1&#8243; custom_padding_last_edited=&#8220;on|phone&#8220; _builder_version=&#8220;3.22&#8243; custom_padding=&#8220;0px||150px|&#8220; custom_padding_tablet=&#8220;&#8220; custom_padding_phone=&#8220;0px||0px|&#8220;][et_pb_row _builder_version=&#8220;3.25&#8243; custom_margin=&#8220;0px||0px|&#8220; custom_padding=&#8220;0px||0px|&#8220;][et_pb_column type=&#8220;4_4&#8243; _builder_version=&#8220;3.25&#8243; background_position=&#8220;top_left&#8220; custom_padding=&#8220;|||&#8220; custom_padding__hover=&#8220;|||&#8220;][et_pb_text admin_label=&#8220;Informationen zu feste Zentrierspitzen&#8220; _builder_version=&#8220;4.9.3&#8243; text_font_size=&#8220;22px&#8220; module_alignment=&#8220;left&#8220; custom_margin=&#8220;0px||0px|&#8220; custom_padding=&#8220;0px||0px|&#8220; hover_enabled=&#8220;0&#8243; border_style=&#8220;solid&#8220; sticky_enabled=&#8220;0&#8243;]<\/p>\n<h1>Sonderanfertigungen<\/h1>\n<h2>Herstellung gem\u00e4ss Kundenzeichnung \/ Neukonstruktion<\/h2>\n<p>Seit Jahren stellen wir Zentrierspitzen nach den Angaben der Kunden her. Nennen Sie uns Ihre Aufspann-, beziehungsweise Bearbeitungsaufgabe \u2013 diese Informationen sind f\u00fcr uns ausreichend, um damit die gew\u00fcnschte Zentrier- oder Mitnehmerspitze zu konstruieren und herzustellen.<\/p>\n<p>[\/et_pb_text][\/et_pb_column][\/et_pb_row][et_pb_row column_structure=&#8220;1_5,1_5,3_5&#8243; use_custom_gutter=&#8220;on&#8220; gutter_width=&#8220;1&#8243; _builder_version=&#8220;4.6.6&#8243; custom_margin=&#8220;50px||0px||false|false&#8220; custom_padding=&#8220;0px||0px|&#8220; disabled_on=&#8220;on|on|on&#8220; disabled=&#8220;on&#8220;][et_pb_column type=&#8220;1_5&#8243; _builder_version=&#8220;3.25&#8243; background_position=&#8220;top_left&#8220; custom_padding=&#8220;|||&#8220; custom_padding__hover=&#8220;|||&#8220;][et_pb_image src=&#8220;http:\/\/gprtops.ch\/de\/wp-content\/uploads\/2020\/11\/gprtops_sonderanfertigung1.jpg&#8220; title_text=&#8220;gprtops_sonderanfertigung1&#8243; _builder_version=&#8220;4.6.6&#8243; _module_preset=&#8220;default&#8220; custom_margin=&#8220;0px||0px||false|false&#8220; custom_padding=&#8220;0px||0px||false|false&#8220;][\/et_pb_image][\/et_pb_column][et_pb_column type=&#8220;1_5&#8243; _builder_version=&#8220;3.25&#8243; background_position=&#8220;top_left&#8220; custom_padding=&#8220;|||&#8220; custom_padding__hover=&#8220;|||&#8220;][et_pb_image src=&#8220;http:\/\/gprtops.ch\/de\/wp-content\/uploads\/2020\/11\/gprtops_sonderanfertigung2.jpg&#8220; title_text=&#8220;gprtops_sonderanfertigung2&#8243; _builder_version=&#8220;4.6.6&#8243; _module_preset=&#8220;default&#8220; custom_margin=&#8220;0px||0px||false|false&#8220; custom_padding=&#8220;0px||0px||false|false&#8220;][\/et_pb_image][\/et_pb_column][et_pb_column type=&#8220;3_5&#8243; _builder_version=&#8220;3.25&#8243; background_position=&#8220;top_left&#8220; custom_padding=&#8220;|||&#8220; custom_padding__hover=&#8220;|||&#8220;][et_pb_text admin_label=&#8220;Sonderanfertigung&#8220; _builder_version=&#8220;4.6.6&#8243; module_alignment=&#8220;left&#8220; custom_margin=&#8220;0px||0px|&#8220; custom_margin_tablet=&#8220;&#8220; custom_margin_phone=&#8220;25px||||false|false&#8220; custom_margin_last_edited=&#8220;on|phone&#8220; custom_padding=&#8220;0px||0px|&#8220; border_style=&#8220;solid&#8220;]<\/p>\n<h3>Optionen<\/h3>\n<hr \/>\n<p><strong>In ultrahoher Pr\u00e4zision<\/strong><br \/>\nSonderanfertigungen mit Rundheit 0.2\u00b5 (Standard 1\u00b5) erhalten Sie bei uns mit Qualit\u00e4tszertifikat und Rundheitsdiagramm.<\/p>\n<hr \/>\n<p><strong>Mit anderer Werkzeugaufnahme<\/strong><br \/>\nWir stellen Ihre Spitze selbstverst\u00e4ndlich auch mit der von Ihnen gew\u00fcnschten Werkzeugaufnahme her:<\/p>\n<ul>\n<li>Morsekegel<\/li>\n<li>Steilkegel<\/li>\n<li>HSK<\/li>\n<li>Metrische Kegel<\/li>\n<li>usw.<\/li>\n<\/ul>\n<hr \/>\n<p><strong>In Werkzeugstahl<\/strong><\/p>\n<hr \/>\n<p><strong>Mit Abdr\u00fcckgewinde<\/strong>[\/et_pb_text][\/et_pb_column][\/et_pb_row][\/et_pb_section]<\/p>\n","protected":false},"excerpt":{"rendered":"<p>Spitzenqualit\u00e4ts-SpitzenPr\u00e4zisionsmechanikSonderanfertigungen Herstellung gem\u00e4ss Kundenzeichnung \/ Neukonstruktion Seit Jahren stellen wir Zentrierspitzen nach den Angaben der Kunden her. Nennen Sie uns Ihre Aufspann-, beziehungsweise Bearbeitungsaufgabe \u2013 diese Informationen sind f\u00fcr uns ausreichend, um damit die gew\u00fcnschte Zentrier- oder Mitnehmerspitze zu konstruieren und herzustellen.Optionen In ultrahoher Pr\u00e4zision Sonderanfertigungen mit Rundheit 0.2\u00b5 (Standard 1\u00b5) erhalten Sie bei uns [&hellip;]<\/p>\n","protected":false},"author":1,"featured_media":0,"parent":0,"menu_order":19,"comment_status":"closed","ping_status":"closed","template":"","meta":{"_et_pb_use_builder":"on","_et_pb_old_content":"","_et_gb_content_width":"","footnotes":""},"class_list":["post-3909","page","type-page","status-publish","hentry"],"yoast_head":"<!-- This site is optimized with the Yoast SEO plugin v26.7 - https:\/\/yoast.com\/wordpress\/plugins\/seo\/ -->\n<title>Informationen, feste Hartmetall-Zentrierspitze<\/title>\n<meta name=\"description\" content=\"Hier finden Sie alle wichtigen Informationen zu den festen Zentrierspitzen von GPRTOPS. Spitzenqualit\u00e4ts-Spitzen und Pr\u00e4zisionsmechanik von Greber AG.\" \/>\n<meta name=\"robots\" content=\"index, follow, max-snippet:-1, max-image-preview:large, max-video-preview:-1\" \/>\n<link rel=\"canonical\" href=\"https:\/\/gprtops.ch\/de\/sonderanfertigungen-mitlaufende\/\" \/>\n<meta property=\"og:locale\" content=\"de_DE\" \/>\n<meta property=\"og:type\" content=\"article\" \/>\n<meta property=\"og:title\" content=\"Informationen, feste Hartmetall-Zentrierspitze\" \/>\n<meta property=\"og:description\" content=\"Hier finden Sie alle wichtigen Informationen zu den festen Zentrierspitzen von GPRTOPS. Spitzenqualit\u00e4ts-Spitzen und Pr\u00e4zisionsmechanik von Greber AG.\" \/>\n<meta property=\"og:url\" content=\"https:\/\/gprtops.ch\/de\/sonderanfertigungen-mitlaufende\/\" \/>\n<meta property=\"og:site_name\" content=\"GPRTOPS Spitzenqualit\u00e4ts-Spitzen\" \/>\n<meta property=\"article:modified_time\" content=\"2021-04-22T12:24:24+00:00\" \/>\n<meta name=\"twitter:card\" content=\"summary_large_image\" \/>\n<meta name=\"twitter:label1\" content=\"Gesch\u00e4tzte Lesezeit\" \/>\n\t<meta name=\"twitter:data1\" content=\"7\u00a0Minuten\" \/>\n<script type=\"application\/ld+json\" class=\"yoast-schema-graph\">{\"@context\":\"https:\/\/schema.org\",\"@graph\":[{\"@type\":\"WebPage\",\"@id\":\"https:\/\/gprtops.ch\/de\/sonderanfertigungen-mitlaufende\/\",\"url\":\"https:\/\/gprtops.ch\/de\/sonderanfertigungen-mitlaufende\/\",\"name\":\"Informationen, feste Hartmetall-Zentrierspitze\",\"isPartOf\":{\"@id\":\"https:\/\/gprtops.ch\/de\/#website\"},\"datePublished\":\"2021-04-22T12:24:21+00:00\",\"dateModified\":\"2021-04-22T12:24:24+00:00\",\"description\":\"Hier finden Sie alle wichtigen Informationen zu den festen Zentrierspitzen von GPRTOPS. Spitzenqualit\u00e4ts-Spitzen und Pr\u00e4zisionsmechanik von Greber AG.\",\"breadcrumb\":{\"@id\":\"https:\/\/gprtops.ch\/de\/sonderanfertigungen-mitlaufende\/#breadcrumb\"},\"inLanguage\":\"de\",\"potentialAction\":[{\"@type\":\"ReadAction\",\"target\":[\"https:\/\/gprtops.ch\/de\/sonderanfertigungen-mitlaufende\/\"]}]},{\"@type\":\"BreadcrumbList\",\"@id\":\"https:\/\/gprtops.ch\/de\/sonderanfertigungen-mitlaufende\/#breadcrumb\",\"itemListElement\":[{\"@type\":\"ListItem\",\"position\":1,\"name\":\"Startseite\",\"item\":\"https:\/\/gprtops.ch\/de\/\"},{\"@type\":\"ListItem\",\"position\":2,\"name\":\"Sonderanfertigungen\"}]},{\"@type\":\"WebSite\",\"@id\":\"https:\/\/gprtops.ch\/de\/#website\",\"url\":\"https:\/\/gprtops.ch\/de\/\",\"name\":\"GPRTOPS Spitzenqualit\u00e4ts-Spitzen\",\"description\":\"Pr\u00e4zisionsmechanik\",\"potentialAction\":[{\"@type\":\"SearchAction\",\"target\":{\"@type\":\"EntryPoint\",\"urlTemplate\":\"https:\/\/gprtops.ch\/de\/?s={search_term_string}\"},\"query-input\":{\"@type\":\"PropertyValueSpecification\",\"valueRequired\":true,\"valueName\":\"search_term_string\"}}],\"inLanguage\":\"de\"}]}<\/script>\n<!-- \/ Yoast SEO plugin. -->","yoast_head_json":{"title":"Informationen, feste Hartmetall-Zentrierspitze","description":"Hier finden Sie alle wichtigen Informationen zu den festen Zentrierspitzen von GPRTOPS. Spitzenqualit\u00e4ts-Spitzen und Pr\u00e4zisionsmechanik von Greber AG.","robots":{"index":"index","follow":"follow","max-snippet":"max-snippet:-1","max-image-preview":"max-image-preview:large","max-video-preview":"max-video-preview:-1"},"canonical":"https:\/\/gprtops.ch\/de\/sonderanfertigungen-mitlaufende\/","og_locale":"de_DE","og_type":"article","og_title":"Informationen, feste Hartmetall-Zentrierspitze","og_description":"Hier finden Sie alle wichtigen Informationen zu den festen Zentrierspitzen von GPRTOPS. Spitzenqualit\u00e4ts-Spitzen und Pr\u00e4zisionsmechanik von Greber AG.","og_url":"https:\/\/gprtops.ch\/de\/sonderanfertigungen-mitlaufende\/","og_site_name":"GPRTOPS Spitzenqualit\u00e4ts-Spitzen","article_modified_time":"2021-04-22T12:24:24+00:00","twitter_card":"summary_large_image","twitter_misc":{"Gesch\u00e4tzte Lesezeit":"7\u00a0Minuten"},"schema":{"@context":"https:\/\/schema.org","@graph":[{"@type":"WebPage","@id":"https:\/\/gprtops.ch\/de\/sonderanfertigungen-mitlaufende\/","url":"https:\/\/gprtops.ch\/de\/sonderanfertigungen-mitlaufende\/","name":"Informationen, feste Hartmetall-Zentrierspitze","isPartOf":{"@id":"https:\/\/gprtops.ch\/de\/#website"},"datePublished":"2021-04-22T12:24:21+00:00","dateModified":"2021-04-22T12:24:24+00:00","description":"Hier finden Sie alle wichtigen Informationen zu den festen Zentrierspitzen von GPRTOPS. Spitzenqualit\u00e4ts-Spitzen und Pr\u00e4zisionsmechanik von Greber AG.","breadcrumb":{"@id":"https:\/\/gprtops.ch\/de\/sonderanfertigungen-mitlaufende\/#breadcrumb"},"inLanguage":"de","potentialAction":[{"@type":"ReadAction","target":["https:\/\/gprtops.ch\/de\/sonderanfertigungen-mitlaufende\/"]}]},{"@type":"BreadcrumbList","@id":"https:\/\/gprtops.ch\/de\/sonderanfertigungen-mitlaufende\/#breadcrumb","itemListElement":[{"@type":"ListItem","position":1,"name":"Startseite","item":"https:\/\/gprtops.ch\/de\/"},{"@type":"ListItem","position":2,"name":"Sonderanfertigungen"}]},{"@type":"WebSite","@id":"https:\/\/gprtops.ch\/de\/#website","url":"https:\/\/gprtops.ch\/de\/","name":"GPRTOPS Spitzenqualit\u00e4ts-Spitzen","description":"Pr\u00e4zisionsmechanik","potentialAction":[{"@type":"SearchAction","target":{"@type":"EntryPoint","urlTemplate":"https:\/\/gprtops.ch\/de\/?s={search_term_string}"},"query-input":{"@type":"PropertyValueSpecification","valueRequired":true,"valueName":"search_term_string"}}],"inLanguage":"de"}]}},"_links":{"self":[{"href":"https:\/\/gprtops.ch\/de\/wp-json\/wp\/v2\/pages\/3909","targetHints":{"allow":["GET"]}}],"collection":[{"href":"https:\/\/gprtops.ch\/de\/wp-json\/wp\/v2\/pages"}],"about":[{"href":"https:\/\/gprtops.ch\/de\/wp-json\/wp\/v2\/types\/page"}],"author":[{"embeddable":true,"href":"https:\/\/gprtops.ch\/de\/wp-json\/wp\/v2\/users\/1"}],"replies":[{"embeddable":true,"href":"https:\/\/gprtops.ch\/de\/wp-json\/wp\/v2\/comments?post=3909"}],"version-history":[{"count":1,"href":"https:\/\/gprtops.ch\/de\/wp-json\/wp\/v2\/pages\/3909\/revisions"}],"predecessor-version":[{"id":3911,"href":"https:\/\/gprtops.ch\/de\/wp-json\/wp\/v2\/pages\/3909\/revisions\/3911"}],"wp:attachment":[{"href":"https:\/\/gprtops.ch\/de\/wp-json\/wp\/v2\/media?parent=3909"}],"curies":[{"name":"wp","href":"https:\/\/api.w.org\/{rel}","templated":true}]}}