{"id":131,"date":"2017-07-04T12:44:46","date_gmt":"2017-07-04T12:44:46","guid":{"rendered":"https:\/\/gprtops.ch\/en\/?page_id=131"},"modified":"2024-05-14T13:44:06","modified_gmt":"2024-05-14T13:44:06","slug":"products","status":"publish","type":"page","link":"https:\/\/gprtops.ch\/en\/products\/","title":{"rendered":"Products"},"content":{"rendered":"<p>[et_pb_section fb_built=&#8220;1&#8243; disabled_on=&#8220;on||&#8220; _builder_version=&#8220;4.6.5&#8243; custom_margin=&#8220;0px||0px||false|false&#8220; custom_padding=&#8220;0px||25px||false|false&#8220; link_option_url=&#8220;https:\/\/gprtops.ch\/en\/&#8220; global_module=&#8220;82&#8243; global_colors_info=&#8220;{}&#8220;][et_pb_row column_structure=&#8220;1_4,1_2,1_4&#8243; disabled_on=&#8220;on||&#8220; _builder_version=&#8220;4.16&#8243; custom_margin=&#8220;0px||0px|&#8220; custom_padding=&#8220;0px||0px|&#8220; global_colors_info=&#8220;{}&#8220;][et_pb_column type=&#8220;1_4&#8243; _builder_version=&#8220;4.16&#8243; background_position=&#8220;top_left&#8220; custom_padding=&#8220;0px||0px|&#8220; global_colors_info=&#8220;{}&#8220; custom_padding__hover=&#8220;|||&#8220;][et_pb_image src=&#8220;\/de\/wp-content\/uploads\/2017\/07\/gprtops.png&#8220; alt=&#8220;GPRTOPS&#8220; align_tablet=&#8220;center&#8220; align_phone=&#8220;&#8220; align_last_edited=&#8220;on|desktop&#8220; disabled_on=&#8220;on||&#8220; admin_label=&#8220;Logo GPRTOPS&#8220; _builder_version=&#8220;4.16&#8243; width=&#8220;90%&#8220; custom_margin=&#8220;5px|0px|0px|0px&#8220; custom_padding=&#8220;0px||0px||false|false&#8220; global_colors_info=&#8220;{}&#8220;][\/et_pb_image][\/et_pb_column][et_pb_column type=&#8220;1_2&#8243; _builder_version=&#8220;4.16&#8243; background_position=&#8220;top_left&#8220; custom_padding=&#8220;0px||0px|&#8220; global_colors_info=&#8220;{}&#8220; custom_padding__hover=&#8220;|||&#8220;][et_pb_text disabled_on=&#8220;on||&#8220; admin_label=&#8220;Spitzenquali\u00e4ts-Spitzen Pr\u00e4zisionsmechanik&#8220; _builder_version=&#8220;4.24.3&#8243; text_text_color=&#8220;#777777&#8243; text_font_size=&#8220;29px&#8220; text_line_height=&#8220;1.2em&#8220; custom_margin=&#8220;0px||0px|&#8220; custom_padding=&#8220;0px||0px|70px&#8220; border_style=&#8220;solid&#8220; global_colors_info=&#8220;{}&#8220;]<\/p>\n<p>high-precision top centers<br \/>precision mechanics<\/p>\n<p>[\/et_pb_text][\/et_pb_column][et_pb_column type=&#8220;1_4&#8243; _builder_version=&#8220;4.16&#8243; background_position=&#8220;top_left&#8220; custom_padding=&#8220;0px||0px|&#8220; global_colors_info=&#8220;{}&#8220; custom_padding__hover=&#8220;|||&#8220;][et_pb_image src=&#8220;\/de\/wp-content\/uploads\/2017\/07\/greberag.png&#8220; alt=&#8220;Greber AG&#8220; align_tablet=&#8220;center&#8220; align_phone=&#8220;&#8220; align_last_edited=&#8220;on|desktop&#8220; disabled_on=&#8220;on||&#8220; admin_label=&#8220;Logo GREBER&#8220; _builder_version=&#8220;4.16&#8243; width=&#8220;90%&#8220; custom_margin=&#8220;0px|0px|0px|0px&#8220; custom_padding=&#8220;0px||0px||false|false&#8220; global_colors_info=&#8220;{}&#8220;][\/et_pb_image][\/et_pb_column][\/et_pb_row][\/et_pb_section][et_pb_section fb_built=&#8220;1&#8243; fullwidth=&#8220;on&#8220; disabled_on=&#8220;on||&#8220; _builder_version=&#8220;4.24.0&#8243; custom_margin=&#8220;0px||0px||false|false&#8220; custom_padding=&#8220;0px||0px|&#8220; global_module=&#8220;77&#8243; global_colors_info=&#8220;{}&#8220;][et_pb_fullwidth_menu menu_id=&#8220;5&#8243; submenu_direction=&#8220;downwards&#8220; fullwidth_menu=&#8220;off&#8220; active_link_color=&#8220;#ffffff&#8220; dropdown_menu_bg_color=&#8220;#ffffff&#8220; dropdown_menu_line_color=&#8220;#0c9bc6&#8243; dropdown_menu_text_color=&#8220;#666666&#8243; mobile_menu_bg_color=&#8220;#ffffff&#8220; _builder_version=&#8220;4.24.0&#8243; menu_text_color=&#8220;#c4e9f2&#8243; menu_font_size=&#8220;16px&#8220; background_color=&#8220;#0c9bc6&#8243; background_layout=&#8220;dark&#8220; custom_margin=&#8220;0px||0px|&#8220; custom_padding=&#8220;0px||0px|&#8220; global_colors_info=&#8220;{}&#8220;][\/et_pb_fullwidth_menu][\/et_pb_section][et_pb_section fb_built=&#8220;1&#8243; fullwidth=&#8220;on&#8220; disabled_on=&#8220;on||&#8220; _builder_version=&#8220;4.6.5&#8243; background_image=&#8220;https:\/\/gprtops.ch\/en\/wp-content\/uploads\/2017\/07\/berge_schmal.jpg&#8220; background_size=&#8220;initial&#8220; background_position=&#8220;top_center&#8220; custom_padding=&#8220;0px||0px|&#8220; global_module=&#8220;2733&#8243; saved_tabs=&#8220;all&#8220; global_colors_info=&#8220;{}&#8220;][\/et_pb_section][et_pb_section fb_built=&#8220;1&#8243; fullwidth=&#8220;on&#8220; disabled_on=&#8220;on||&#8220; _builder_version=&#8220;4.16&#8243; global_colors_info=&#8220;{}&#8220;][et_pb_fullwidth_image src=&#8220;\/de\/wp-content\/uploads\/2017\/07\/berge_schmal.jpg&#8220; admin_label=&#8220;Header Berge&#8220; _builder_version=&#8220;4.16&#8243; animation=&#8220;off&#8220; border_style=&#8220;solid&#8220; global_colors_info=&#8220;{}&#8220;][\/et_pb_fullwidth_image][\/et_pb_section][et_pb_section fb_built=&#8220;1&#8243; disabled_on=&#8220;on||&#8220; _builder_version=&#8220;4.6.5&#8243; background_color=&#8220;rgba(0,0,0,0)&#8220; custom_margin=&#8220;0px||0px||false|false&#8220; custom_padding=&#8220;0px||0px||false|false&#8220; global_module=&#8220;618&#8243; global_colors_info=&#8220;{}&#8220;][et_pb_row column_structure=&#8220;3_5,2_5&#8243; _builder_version=&#8220;4.16&#8243; background_color=&#8220;rgba(0,0,0,0)&#8220; custom_margin=&#8220;0px||0px|&#8220; custom_padding=&#8220;0px||0px||false|false&#8220; global_colors_info=&#8220;{}&#8220;][et_pb_column type=&#8220;3_5&#8243; _builder_version=&#8220;4.16&#8243; custom_padding=&#8220;0px||0px||false|false&#8220; global_colors_info=&#8220;{}&#8220; custom_padding__hover=&#8220;|||&#8220;][\/et_pb_column][et_pb_column type=&#8220;2_5&#8243; _builder_version=&#8220;4.16&#8243; custom_padding=&#8220;0px||0px||false|false&#8220; global_colors_info=&#8220;{}&#8220; custom_padding__hover=&#8220;|||&#8220;][et_pb_search exclude_pages=&#8220;off&#8220; placeholder=&#8220;Search term&#8220; button_color=&#8220;#f2f2f2&#8243; placeholder_color=&#8220;#adadad&#8220; _builder_version=&#8220;4.24.3&#8243; form_field_background_color=&#8220;#ffffff&#8220; form_field_text_color=&#8220;#adadad&#8220; form_field_focus_text_color=&#8220;#adadad&#8220; button_text_color=&#8220;#666666&#8243; button_font_size=&#8220;15px&#8220; custom_margin=&#8220;20px||0px||false|false&#8220; custom_padding=&#8220;0px||0px|&#8220; border_radii=&#8220;on||||&#8220; border_color_all=&#8220;#e0e0e0&#8243; hide_button=&#8220;off&#8220; global_colors_info=&#8220;{}&#8220; button_text_size__hover_enabled=&#8220;off&#8220; button_text_size__hover=&#8220;null&#8220; button_one_text_size__hover_enabled=&#8220;off&#8220; button_one_text_size__hover=&#8220;null&#8220; button_two_text_size__hover_enabled=&#8220;off&#8220; button_two_text_size__hover=&#8220;null&#8220; button_text_color__hover_enabled=&#8220;off&#8220; button_text_color__hover=&#8220;null&#8220; button_one_text_color__hover_enabled=&#8220;off&#8220; button_one_text_color__hover=&#8220;null&#8220; button_two_text_color__hover_enabled=&#8220;off&#8220; button_two_text_color__hover=&#8220;null&#8220; button_border_width__hover_enabled=&#8220;off&#8220; button_border_width__hover=&#8220;null&#8220; button_one_border_width__hover_enabled=&#8220;off&#8220; button_one_border_width__hover=&#8220;null&#8220; button_two_border_width__hover_enabled=&#8220;off&#8220; button_two_border_width__hover=&#8220;null&#8220; button_border_color__hover_enabled=&#8220;off&#8220; button_border_color__hover=&#8220;null&#8220; button_one_border_color__hover_enabled=&#8220;off&#8220; button_one_border_color__hover=&#8220;null&#8220; button_two_border_color__hover_enabled=&#8220;off&#8220; button_two_border_color__hover=&#8220;null&#8220; button_border_radius__hover_enabled=&#8220;off&#8220; button_border_radius__hover=&#8220;null&#8220; button_one_border_radius__hover_enabled=&#8220;off&#8220; button_one_border_radius__hover=&#8220;null&#8220; button_two_border_radius__hover_enabled=&#8220;off&#8220; button_two_border_radius__hover=&#8220;null&#8220; button_letter_spacing__hover_enabled=&#8220;off&#8220; button_letter_spacing__hover=&#8220;null&#8220; button_one_letter_spacing__hover_enabled=&#8220;off&#8220; button_one_letter_spacing__hover=&#8220;null&#8220; button_two_letter_spacing__hover_enabled=&#8220;off&#8220; button_two_letter_spacing__hover=&#8220;null&#8220; button_bg_color__hover_enabled=&#8220;off&#8220; button_bg_color__hover=&#8220;null&#8220; button_one_bg_color__hover_enabled=&#8220;off&#8220; button_one_bg_color__hover=&#8220;null&#8220; button_two_bg_color__hover_enabled=&#8220;off&#8220; button_two_bg_color__hover=&#8220;null&#8220;][\/et_pb_search][\/et_pb_column][\/et_pb_row][\/et_pb_section][et_pb_section fb_built=&#8220;1&#8243; fullwidth=&#8220;on&#8220; disabled_on=&#8220;|on|on&#8220; _builder_version=&#8220;3.0.69&#8243; custom_padding=&#8220;30px||10px|&#8220; global_module=&#8220;792&#8243; global_colors_info=&#8220;{}&#8220;][et_pb_fullwidth_image src=&#8220;\/de\/wp-content\/uploads\/2017\/07\/header_logo_mobile.png&#8220; disabled_on=&#8220;|on|on&#8220; admin_label=&#8220;MOBILE: Logos&#8220; _builder_version=&#8220;4.16&#8243; animation=&#8220;off&#8220; border_style=&#8220;solid&#8220; global_colors_info=&#8220;{}&#8220;][\/et_pb_fullwidth_image][\/et_pb_section][et_pb_section fb_built=&#8220;1&#8243; fullwidth=&#8220;on&#8220; disabled_on=&#8220;|on|on&#8220; _builder_version=&#8220;3.0.69&#8243; custom_padding=&#8220;0px||0px|&#8220; global_module=&#8220;795&#8243; global_colors_info=&#8220;{}&#8220;][et_pb_fullwidth_image src=&#8220;https:\/\/gprtops.ch\/en\/wp-content\/uploads\/2017\/07\/berge_mobile.jpg&#8220; title_text=&#8220;berge_mobile&#8220; disabled_on=&#8220;|on|on&#8220; admin_label=&#8220;MOBILE: Header Berge&#8220; _builder_version=&#8220;4.19.5&#8243; custom_css_main_element=&#8220;border-bottom: solid 5px #0c9bc6;&#8220; animation=&#8220;off&#8220; border_style=&#8220;solid&#8220; global_colors_info=&#8220;{}&#8220;][\/et_pb_fullwidth_image][\/et_pb_section][et_pb_section fb_built=&#8220;1&#8243; _builder_version=&#8220;4.16&#8243; custom_margin=&#8220;0px||0px||false|false&#8220; custom_padding=&#8220;0px||0px|&#8220; global_colors_info=&#8220;{}&#8220;][et_pb_row _builder_version=&#8220;4.16&#8243; custom_margin=&#8220;0px||0px|&#8220; custom_padding=&#8220;0px||0px|&#8220; global_colors_info=&#8220;{}&#8220;][et_pb_column type=&#8220;4_4&#8243; _builder_version=&#8220;4.16&#8243; background_position=&#8220;top_left&#8220; custom_padding=&#8220;0px||0px|&#8220; global_colors_info=&#8220;{}&#8220; custom_padding__hover=&#8220;|||&#8220;][et_pb_text admin_label=&#8220;Titel H1&#8243; _builder_version=&#8220;4.24.3&#8243; module_alignment=&#8220;left&#8220; custom_margin=&#8220;0px||0px|&#8220; custom_padding=&#8220;0px||0px|&#8220; border_style=&#8220;solid&#8220; global_colors_info=&#8220;{}&#8220;]<\/p>\n<h1>Products Greber AG<\/h1>\n<p>[\/et_pb_text][\/et_pb_column][\/et_pb_row][\/et_pb_section][et_pb_section fb_built=&#8220;1&#8243; custom_padding_last_edited=&#8220;on|phone&#8220; _builder_version=&#8220;4.16&#8243; custom_padding=&#8220;0px||150px|&#8220; custom_padding_tablet=&#8220;&#8220; custom_padding_phone=&#8220;0px||70px|&#8220; global_colors_info=&#8220;{}&#8220;][et_pb_row column_structure=&#8220;1_3,1_3,1_3&#8243; _builder_version=&#8220;4.24.3&#8243; custom_margin=&#8220;0px||0px|&#8220; custom_padding=&#8220;0px||35px|&#8220; global_colors_info=&#8220;{}&#8220;][et_pb_column type=&#8220;1_3&#8243; _builder_version=&#8220;4.24.3&#8243; use_background_color_gradient=&#8220;on&#8220; background_color_gradient_stops=&#8220;#f9f9f9 0%|#ededed 100%&#8220; background_color_gradient_start=&#8220;#f9f9f9&#8243; background_color_gradient_end=&#8220;#ededed&#8220; background_position=&#8220;top_left&#8220; custom_padding=&#8220;20px|20px|20px|20px&#8220; custom_padding_tablet=&#8220;&#8220; custom_padding_phone=&#8220;&#8220; custom_padding_last_edited=&#8220;on|phone&#8220; link_option_url=&#8220;https:\/\/gprtops.ch\/en\/dead-centers\/&#8220; custom_css_main_element=&#8220;border: solid 1px #a4a4a4;&#8220; global_colors_info=&#8220;{}&#8220; custom_padding__hover=&#8220;|||&#8220;][et_pb_image src=&#8220;\/de\/wp-content\/uploads\/2017\/07\/feste_spitzen.png&#8220; align_tablet=&#8220;center&#8220; align_phone=&#8220;&#8220; align_last_edited=&#8220;on|desktop&#8220; _builder_version=&#8220;4.24.3&#8243; custom_margin=&#8220;0px|0px|20px|0px&#8220; animation_direction=&#8220;off&#8220; animation=&#8220;off&#8220; sticky=&#8220;off&#8220; border_style=&#8220;solid&#8220; always_center_on_mobile=&#8220;on&#8220; global_colors_info=&#8220;{}&#8220;][\/et_pb_image][et_pb_text admin_label=&#8220;Dead Centers&#8220; _builder_version=&#8220;4.24.3&#8243; text_line_height=&#8220;1.4em&#8220; module_alignment=&#8220;left&#8220; custom_margin=&#8220;0px||0px|&#8220; custom_padding=&#8220;0px||0px|&#8220; border_style=&#8220;solid&#8220; global_colors_info=&#8220;{}&#8220;]<\/p>\n<p>Dead centers<\/p>\n<p>[\/et_pb_text][\/et_pb_column][et_pb_column type=&#8220;1_3&#8243; _builder_version=&#8220;4.24.3&#8243; use_background_color_gradient=&#8220;on&#8220; background_color_gradient_stops=&#8220;#f9f9f9 0%|#ededed 100%&#8220; background_color_gradient_start=&#8220;#f9f9f9&#8243; background_color_gradient_end=&#8220;#ededed&#8220; background_position=&#8220;top_left&#8220; custom_padding=&#8220;20px|20px|20px|20px&#8220; link_option_url=&#8220;https:\/\/gprtops.ch\/en\/live-centers&#8220; custom_css_main_element=&#8220;border: solid 1px #a4a4a4;&#8220; global_colors_info=&#8220;{}&#8220; custom_padding__hover=&#8220;|||&#8220;][et_pb_image src=&#8220;\/de\/wp-content\/uploads\/2017\/07\/mitlaufende_spitzen.png&#8220; align_tablet=&#8220;center&#8220; align_phone=&#8220;&#8220; align_last_edited=&#8220;on|desktop&#8220; _builder_version=&#8220;4.24.3&#8243; custom_margin=&#8220;0px|0px|20px|0px&#8220; animation_direction=&#8220;off&#8220; animation=&#8220;off&#8220; sticky=&#8220;off&#8220; border_style=&#8220;solid&#8220; always_center_on_mobile=&#8220;on&#8220; global_colors_info=&#8220;{}&#8220;][\/et_pb_image][et_pb_text admin_label=&#8220;Live Centers&#8220; _builder_version=&#8220;4.24.3&#8243; text_line_height=&#8220;1.4em&#8220; module_alignment=&#8220;left&#8220; custom_margin=&#8220;0px||0px|&#8220; custom_padding=&#8220;0px||0px|&#8220; border_style=&#8220;solid&#8220; global_colors_info=&#8220;{}&#8220;]<\/p>\n<p>Live centers<\/p>\n<p>[\/et_pb_text][\/et_pb_column][et_pb_column type=&#8220;1_3&#8243; _builder_version=&#8220;4.24.3&#8243; use_background_color_gradient=&#8220;on&#8220; background_color_gradient_stops=&#8220;#f9f9f9 0%|#ededed 100%&#8220; background_color_gradient_start=&#8220;#f9f9f9&#8243; background_color_gradient_end=&#8220;#ededed&#8220; background_position=&#8220;top_left&#8220; custom_padding=&#8220;20px|20px|20px|20px&#8220; link_option_url=&#8220;https:\/\/gprtops.ch\/en\/further-products&#8220; custom_css_main_element=&#8220;border: solid 1px #a4a4a4;&#8220; global_colors_info=&#8220;{}&#8220; custom_padding__hover=&#8220;|||&#8220;][et_pb_image src=&#8220;https:\/\/gprtops.ch\/en\/wp-content\/uploads\/2024\/05\/weitere_produkte.png&#8220; align_tablet=&#8220;center&#8220; align_phone=&#8220;&#8220; align_last_edited=&#8220;on|desktop&#8220; _builder_version=&#8220;4.24.3&#8243; custom_margin=&#8220;0px|0px|20px|0px&#8220; hover_enabled=&#8220;0&#8243; global_colors_info=&#8220;{}&#8220; title_text=&#8220;weitere_produkte&#8220; sticky_enabled=&#8220;0&#8243;][\/et_pb_image][et_pb_text admin_label=&#8220;Further products&#8220; _builder_version=&#8220;4.24.3&#8243; text_line_height=&#8220;1.4em&#8220; module_alignment=&#8220;left&#8220; custom_margin=&#8220;0px||0px|&#8220; custom_padding=&#8220;0px||0px|&#8220; global_colors_info=&#8220;{}&#8220;]<\/p>\n<p>Further products<\/p>\n<p>[\/et_pb_text][\/et_pb_column][\/et_pb_row][\/et_pb_section]<\/p>\n","protected":false},"excerpt":{"rendered":"<p>high-precision top centersprecision mechanicsProducts Greber AGDead centersLive centersFurther products<\/p>\n","protected":false},"author":1,"featured_media":0,"parent":0,"menu_order":10,"comment_status":"closed","ping_status":"closed","template":"","meta":{"_et_pb_use_builder":"on","_et_pb_old_content":"","_et_gb_content_width":"","footnotes":""},"class_list":["post-131","page","type-page","status-publish","hentry"],"yoast_head":"<!-- This site is optimized with the Yoast SEO plugin v26.7 - https:\/\/yoast.com\/wordpress\/plugins\/seo\/ -->\n<title>Pr\u00e4zisionsspitzen, GPRTOPS steht f\u00fcr Spitzenqualit\u00e4ts-Spitzen<\/title>\n<meta name=\"description\" content=\"Produkt\u00fcbersicht aller Spitzenqualit\u00e4ts-Spitzen der GPRTOPS. Pr\u00e4zisionsspitzen, Zentrierspitzen, Spannzangenspitze, Zentriereinsatzhalter, u.v.m.\" \/>\n<meta name=\"robots\" content=\"index, follow, max-snippet:-1, max-image-preview:large, max-video-preview:-1\" \/>\n<link rel=\"canonical\" href=\"https:\/\/gprtops.ch\/en\/products\/\" \/>\n<meta property=\"og:locale\" content=\"de_DE\" \/>\n<meta property=\"og:type\" content=\"article\" \/>\n<meta property=\"og:title\" content=\"Pr\u00e4zisionsspitzen, GPRTOPS steht f\u00fcr Spitzenqualit\u00e4ts-Spitzen\" \/>\n<meta property=\"og:description\" content=\"Produkt\u00fcbersicht aller Spitzenqualit\u00e4ts-Spitzen der GPRTOPS. Pr\u00e4zisionsspitzen, Zentrierspitzen, Spannzangenspitze, Zentriereinsatzhalter, u.v.m.\" \/>\n<meta property=\"og:url\" content=\"https:\/\/gprtops.ch\/en\/products\/\" \/>\n<meta property=\"og:site_name\" content=\"GPRTOPS Spitzenqualit\u00e4ts-Spitzen\" \/>\n<meta property=\"article:modified_time\" content=\"2024-05-14T13:44:06+00:00\" \/>\n<meta name=\"twitter:card\" content=\"summary_large_image\" \/>\n<meta name=\"twitter:label1\" content=\"Gesch\u00e4tzte Lesezeit\" \/>\n\t<meta name=\"twitter:data1\" content=\"2\u00a0Minuten\" \/>\n<script type=\"application\/ld+json\" class=\"yoast-schema-graph\">{\"@context\":\"https:\/\/schema.org\",\"@graph\":[{\"@type\":\"WebPage\",\"@id\":\"https:\/\/gprtops.ch\/en\/products\/\",\"url\":\"https:\/\/gprtops.ch\/en\/products\/\",\"name\":\"Pr\u00e4zisionsspitzen, GPRTOPS steht f\u00fcr Spitzenqualit\u00e4ts-Spitzen\",\"isPartOf\":{\"@id\":\"https:\/\/gprtops.ch\/en\/#website\"},\"datePublished\":\"2017-07-04T12:44:46+00:00\",\"dateModified\":\"2024-05-14T13:44:06+00:00\",\"description\":\"Produkt\u00fcbersicht aller Spitzenqualit\u00e4ts-Spitzen der GPRTOPS. Pr\u00e4zisionsspitzen, Zentrierspitzen, Spannzangenspitze, Zentriereinsatzhalter, u.v.m.\",\"breadcrumb\":{\"@id\":\"https:\/\/gprtops.ch\/en\/products\/#breadcrumb\"},\"inLanguage\":\"de\",\"potentialAction\":[{\"@type\":\"ReadAction\",\"target\":[\"https:\/\/gprtops.ch\/en\/products\/\"]}]},{\"@type\":\"BreadcrumbList\",\"@id\":\"https:\/\/gprtops.ch\/en\/products\/#breadcrumb\",\"itemListElement\":[{\"@type\":\"ListItem\",\"position\":1,\"name\":\"Startseite\",\"item\":\"https:\/\/gprtops.ch\/en\/\"},{\"@type\":\"ListItem\",\"position\":2,\"name\":\"Products\"}]},{\"@type\":\"WebSite\",\"@id\":\"https:\/\/gprtops.ch\/en\/#website\",\"url\":\"https:\/\/gprtops.ch\/en\/\",\"name\":\"GPRTOPS Spitzenqualit\u00e4ts-Spitzen\",\"description\":\"Pr\u00e4zisionsmechanik\",\"potentialAction\":[{\"@type\":\"SearchAction\",\"target\":{\"@type\":\"EntryPoint\",\"urlTemplate\":\"https:\/\/gprtops.ch\/en\/?s={search_term_string}\"},\"query-input\":{\"@type\":\"PropertyValueSpecification\",\"valueRequired\":true,\"valueName\":\"search_term_string\"}}],\"inLanguage\":\"de\"}]}<\/script>\n<!-- \/ Yoast SEO plugin. -->","yoast_head_json":{"title":"Pr\u00e4zisionsspitzen, GPRTOPS steht f\u00fcr Spitzenqualit\u00e4ts-Spitzen","description":"Produkt\u00fcbersicht aller Spitzenqualit\u00e4ts-Spitzen der GPRTOPS. Pr\u00e4zisionsspitzen, Zentrierspitzen, Spannzangenspitze, Zentriereinsatzhalter, u.v.m.","robots":{"index":"index","follow":"follow","max-snippet":"max-snippet:-1","max-image-preview":"max-image-preview:large","max-video-preview":"max-video-preview:-1"},"canonical":"https:\/\/gprtops.ch\/en\/products\/","og_locale":"de_DE","og_type":"article","og_title":"Pr\u00e4zisionsspitzen, GPRTOPS steht f\u00fcr Spitzenqualit\u00e4ts-Spitzen","og_description":"Produkt\u00fcbersicht aller Spitzenqualit\u00e4ts-Spitzen der GPRTOPS. Pr\u00e4zisionsspitzen, Zentrierspitzen, Spannzangenspitze, Zentriereinsatzhalter, u.v.m.","og_url":"https:\/\/gprtops.ch\/en\/products\/","og_site_name":"GPRTOPS Spitzenqualit\u00e4ts-Spitzen","article_modified_time":"2024-05-14T13:44:06+00:00","twitter_card":"summary_large_image","twitter_misc":{"Gesch\u00e4tzte Lesezeit":"2\u00a0Minuten"},"schema":{"@context":"https:\/\/schema.org","@graph":[{"@type":"WebPage","@id":"https:\/\/gprtops.ch\/en\/products\/","url":"https:\/\/gprtops.ch\/en\/products\/","name":"Pr\u00e4zisionsspitzen, GPRTOPS steht f\u00fcr Spitzenqualit\u00e4ts-Spitzen","isPartOf":{"@id":"https:\/\/gprtops.ch\/en\/#website"},"datePublished":"2017-07-04T12:44:46+00:00","dateModified":"2024-05-14T13:44:06+00:00","description":"Produkt\u00fcbersicht aller Spitzenqualit\u00e4ts-Spitzen der GPRTOPS. Pr\u00e4zisionsspitzen, Zentrierspitzen, Spannzangenspitze, Zentriereinsatzhalter, u.v.m.","breadcrumb":{"@id":"https:\/\/gprtops.ch\/en\/products\/#breadcrumb"},"inLanguage":"de","potentialAction":[{"@type":"ReadAction","target":["https:\/\/gprtops.ch\/en\/products\/"]}]},{"@type":"BreadcrumbList","@id":"https:\/\/gprtops.ch\/en\/products\/#breadcrumb","itemListElement":[{"@type":"ListItem","position":1,"name":"Startseite","item":"https:\/\/gprtops.ch\/en\/"},{"@type":"ListItem","position":2,"name":"Products"}]},{"@type":"WebSite","@id":"https:\/\/gprtops.ch\/en\/#website","url":"https:\/\/gprtops.ch\/en\/","name":"GPRTOPS Spitzenqualit\u00e4ts-Spitzen","description":"Pr\u00e4zisionsmechanik","potentialAction":[{"@type":"SearchAction","target":{"@type":"EntryPoint","urlTemplate":"https:\/\/gprtops.ch\/en\/?s={search_term_string}"},"query-input":{"@type":"PropertyValueSpecification","valueRequired":true,"valueName":"search_term_string"}}],"inLanguage":"de"}]}},"_links":{"self":[{"href":"https:\/\/gprtops.ch\/en\/wp-json\/wp\/v2\/pages\/131","targetHints":{"allow":["GET"]}}],"collection":[{"href":"https:\/\/gprtops.ch\/en\/wp-json\/wp\/v2\/pages"}],"about":[{"href":"https:\/\/gprtops.ch\/en\/wp-json\/wp\/v2\/types\/page"}],"author":[{"embeddable":true,"href":"https:\/\/gprtops.ch\/en\/wp-json\/wp\/v2\/users\/1"}],"replies":[{"embeddable":true,"href":"https:\/\/gprtops.ch\/en\/wp-json\/wp\/v2\/comments?post=131"}],"version-history":[{"count":159,"href":"https:\/\/gprtops.ch\/en\/wp-json\/wp\/v2\/pages\/131\/revisions"}],"predecessor-version":[{"id":5819,"href":"https:\/\/gprtops.ch\/en\/wp-json\/wp\/v2\/pages\/131\/revisions\/5819"}],"wp:attachment":[{"href":"https:\/\/gprtops.ch\/en\/wp-json\/wp\/v2\/media?parent=131"}],"curies":[{"name":"wp","href":"https:\/\/api.w.org\/{rel}","templated":true}]}}